{"id":2,"date":"2024-09-23T16:02:06","date_gmt":"2024-09-23T16:02:06","guid":{"rendered":"https:\/\/itaraoro.rkinformatika.online\/?page_id=2"},"modified":"2025-02-05T16:25:21","modified_gmt":"2025-02-05T16:25:21","slug":"inicio","status":"publish","type":"page","link":"https:\/\/hodeizastz.com\/en\/","title":{"rendered":"Home"},"content":{"rendered":"\t\t<div data-elementor-type=\"wp-page\" data-elementor-id=\"2\" class=\"elementor elementor-2\" data-elementor-post-type=\"page\">\n\t\t\t\t<div class=\"elementor-element elementor-element-85362ec e-con-full e-flex e-con e-parent\" data-id=\"85362ec\" data-element_type=\"container\" data-e-type=\"container\" data-settings=\"{&quot;background_background&quot;:&quot;slideshow&quot;,&quot;background_slideshow_gallery&quot;:[{&quot;id&quot;:1174,&quot;url&quot;:&quot;https:\\\/\\\/hodeizastz.com\\\/wp-content\\\/uploads\\\/2025\\\/02\\\/18808.jpg&quot;},{&quot;id&quot;:1175,&quot;url&quot;:&quot;https:\\\/\\\/hodeizastz.com\\\/wp-content\\\/uploads\\\/2025\\\/02\\\/1703.jpg&quot;},{&quot;id&quot;:1176,&quot;url&quot;:&quot;https:\\\/\\\/hodeizastz.com\\\/wp-content\\\/uploads\\\/2025\\\/02\\\/2138.jpg&quot;},{&quot;id&quot;:1177,&quot;url&quot;:&quot;https:\\\/\\\/hodeizastz.com\\\/wp-content\\\/uploads\\\/2025\\\/02\\\/23661.jpg&quot;}],&quot;background_slideshow_loop&quot;:&quot;yes&quot;,&quot;background_slideshow_slide_duration&quot;:5000,&quot;background_slideshow_slide_transition&quot;:&quot;fade&quot;,&quot;background_slideshow_transition_duration&quot;:500}\">\n\t\t\t\t<div class=\"elementor-element elementor-element-54010a2 elementor-widget elementor-widget-heading\" data-id=\"54010a2\" data-element_type=\"widget\" data-e-type=\"widget\" data-widget_type=\"heading.default\">\n\t\t\t\t<div class=\"elementor-widget-container\">\n\t\t\t\t\t<h2 class=\"elementor-heading-title elementor-size-default\">Tu centro de est\u00e9tica y bienestar<\/h2>\t\t\t\t<\/div>\n\t\t\t\t<\/div>\n\t\t\t\t<div class=\"elementor-element elementor-element-b04b682 elementor-widget elementor-widget-heading\" data-id=\"b04b682\" data-element_type=\"widget\" data-e-type=\"widget\" data-widget_type=\"heading.default\">\n\t\t\t\t<div class=\"elementor-widget-container\">\n\t\t\t\t\t<h2 class=\"elementor-heading-title elementor-size-default\">en Santurtzi<\/h2>\t\t\t\t<\/div>\n\t\t\t\t<\/div>\n\t\t\t\t<div class=\"elementor-element elementor-element-a58230f elementor-widget elementor-widget-heading\" data-id=\"a58230f\" data-element_type=\"widget\" data-e-type=\"widget\" data-widget_type=\"heading.default\">\n\t\t\t\t<div class=\"elementor-widget-container\">\n\t\t\t\t\t<h2 class=\"elementor-heading-title elementor-size-default\">Tratamientos faciales<br> \nDepilaci\u00f3n con cera o l\u00e1ser<br> \nManicuras y pedicuras<\/h2>\t\t\t\t<\/div>\n\t\t\t\t<\/div>\n\t\t\t\t<\/div>\n\t\t<div class=\"elementor-element elementor-element-2cefb3a e-flex e-con-boxed e-con e-parent\" data-id=\"2cefb3a\" data-element_type=\"container\" data-e-type=\"container\">\n\t\t\t\t\t<div class=\"e-con-inner\">\n\t\t\t\t<div class=\"elementor-element elementor-element-722a954 elementor-position-left elementor-vertical-align-top elementor-widget elementor-widget-image-box\" data-id=\"722a954\" data-element_type=\"widget\" data-e-type=\"widget\" data-widget_type=\"image-box.default\">\n\t\t\t\t<div class=\"elementor-widget-container\">\n\t\t\t\t\t<div class=\"elementor-image-box-wrapper\"><figure class=\"elementor-image-box-img\"><img fetchpriority=\"high\" decoding=\"async\" width=\"1500\" height=\"915\" src=\"https:\/\/hodeizastz.com\/wp-content\/uploads\/2025\/02\/2149171329.jpg\" class=\"attachment-full size-full wp-image-1194\" alt=\"\" srcset=\"https:\/\/hodeizastz.com\/wp-content\/uploads\/2025\/02\/2149171329.jpg 1500w, https:\/\/hodeizastz.com\/wp-content\/uploads\/2025\/02\/2149171329-300x183.jpg 300w, https:\/\/hodeizastz.com\/wp-content\/uploads\/2025\/02\/2149171329-1024x625.jpg 1024w, https:\/\/hodeizastz.com\/wp-content\/uploads\/2025\/02\/2149171329-768x468.jpg 768w, https:\/\/hodeizastz.com\/wp-content\/uploads\/2025\/02\/2149171329-18x12.jpg 18w\" sizes=\"(max-width: 1500px) 100vw, 1500px\" \/><\/figure><div class=\"elementor-image-box-content\"><h3 class=\"elementor-image-box-title\">HODEIZA - Tu centro de est\u00e9tica en Santurtzi<\/h3><p class=\"elementor-image-box-description\">En Hodeiza, cuidamos de tu belleza con una amplia variedad de tratamientos dise\u00f1ados para realzar tu bienestar. Ofrecemos tratamientos faciales personalizados para iluminar y revitalizar tu piel, depilaci\u00f3n con cera y l\u00e1ser para una piel suave y libre de vello, y manicuras y pedicuras para unas manos y pies impecables. Adem\u00e1s, te ayudamos a lucir radiante en cualquier ocasi\u00f3n con maquillajes profesionales y realzamos tu mirada con nuestro lifting de pesta\u00f1as.\n\n\u00a1D\u00e9jate mimar por nuestros expertos y disfruta de una experiencia \u00fanica en belleza y cuidado personal!<\/p><\/div><\/div>\t\t\t\t<\/div>\n\t\t\t\t<\/div>\n\t\t\t\t\t<\/div>\n\t\t\t\t<\/div>\n\t\t<div class=\"elementor-element elementor-element-043afde e-flex e-con-boxed e-con e-parent\" data-id=\"043afde\" data-element_type=\"container\" data-e-type=\"container\" data-settings=\"{&quot;background_background&quot;:&quot;classic&quot;}\">\n\t\t\t\t\t<div class=\"e-con-inner\">\n\t\t\t\t<div class=\"elementor-element elementor-element-02fdff0 elementor-widget elementor-widget-heading\" data-id=\"02fdff0\" data-element_type=\"widget\" data-e-type=\"widget\" data-widget_type=\"heading.default\">\n\t\t\t\t<div class=\"elementor-widget-container\">\n\t\t\t\t\t<h2 class=\"elementor-heading-title elementor-size-default\">\u00a1disfruta de una experiencia \u00fanica en belleza y cuidado personal!<\/h2>\t\t\t\t<\/div>\n\t\t\t\t<\/div>\n\t\t\t\t<div class=\"elementor-element elementor-element-6d9c13c elementor-align-center elementor-widget elementor-widget-button\" data-id=\"6d9c13c\" data-element_type=\"widget\" data-e-type=\"widget\" data-widget_type=\"button.default\">\n\t\t\t\t<div class=\"elementor-widget-container\">\n\t\t\t\t\t\t\t\t\t<div class=\"elementor-button-wrapper\">\n\t\t\t\t\t<a class=\"elementor-button elementor-button-link elementor-size-sm\" href=\"https:\/\/hodeizastz.com\/contacto\/\">\n\t\t\t\t\t\t<span class=\"elementor-button-content-wrapper\">\n\t\t\t\t\t\t\t\t\t<span class=\"elementor-button-text\">Reserva tu Cita<\/span>\n\t\t\t\t\t<\/span>\n\t\t\t\t\t<\/a>\n\t\t\t\t<\/div>\n\t\t\t\t\t\t\t\t<\/div>\n\t\t\t\t<\/div>\n\t\t\t\t\t<\/div>\n\t\t\t\t<\/div>\n\t\t<div class=\"elementor-element elementor-element-be10d2a e-flex e-con-boxed e-con e-parent\" data-id=\"be10d2a\" data-element_type=\"container\" data-e-type=\"container\" data-settings=\"{&quot;background_background&quot;:&quot;classic&quot;}\">\n\t\t\t\t\t<div class=\"e-con-inner\">\n\t\t\t\t<div class=\"elementor-element elementor-element-3f4d323 elementor-widget elementor-widget-text-editor\" data-id=\"3f4d323\" data-element_type=\"widget\" data-e-type=\"widget\" data-widget_type=\"text-editor.default\">\n\t\t\t\t<div class=\"elementor-widget-container\">\n\t\t\t\t\t\t\t\t\t<p>Disfruta de nuestros <strong>tratamientos faciales<\/strong>, <strong>depilaci\u00f3n con cera y l\u00e1ser<\/strong>, <strong>manicuras y pedicuras<\/strong>, <strong>maquillajes profesionales<\/strong> y <strong>lifting de pesta\u00f1as<\/strong>. Cuidamos tu belleza con t\u00e9cnicas avanzadas y un trato personalizado.<\/p>\t\t\t\t\t\t\t\t<\/div>\n\t\t\t\t<\/div>\n\t\t\t\t<div class=\"elementor-element elementor-element-47bab9b elementor-align-center elementor-widget elementor-widget-button\" data-id=\"47bab9b\" data-element_type=\"widget\" data-e-type=\"widget\" data-widget_type=\"button.default\">\n\t\t\t\t<div class=\"elementor-widget-container\">\n\t\t\t\t\t\t\t\t\t<div class=\"elementor-button-wrapper\">\n\t\t\t\t\t<a class=\"elementor-button elementor-button-link elementor-size-sm\" href=\"https:\/\/hodeizastz.com\/servicios\/\">\n\t\t\t\t\t\t<span class=\"elementor-button-content-wrapper\">\n\t\t\t\t\t\t\t\t\t<span class=\"elementor-button-text\">Servicios<\/span>\n\t\t\t\t\t<\/span>\n\t\t\t\t\t<\/a>\n\t\t\t\t<\/div>\n\t\t\t\t\t\t\t\t<\/div>\n\t\t\t\t<\/div>\n\t\t\t\t\t<\/div>\n\t\t\t\t<\/div>\n\t\t\t\t<\/div>\n\t\t","protected":false},"excerpt":{"rendered":"<p>Tu centro de est\u00e9tica y bienestar en Santurtzi Tratamientos faciales Depilaci\u00f3n con cera o l\u00e1ser Manicuras y pedicuras HODEIZA &#8211; Tu centro de est\u00e9tica en Santurtzi En Hodeiza, cuidamos de tu belleza con una amplia variedad de tratamientos dise\u00f1ados para realzar tu bienestar. Ofrecemos tratamientos faciales personalizados para iluminar y revitalizar tu piel, depilaci\u00f3n con [&hellip;]<\/p>\n","protected":false},"author":4,"featured_media":0,"parent":0,"menu_order":0,"comment_status":"closed","ping_status":"closed","template":"","meta":{"footnotes":""},"class_list":["post-2","page","type-page","status-publish","hentry"],"yoast_head":"<!-- This site is optimized with the Yoast SEO plugin v27.3 - https:\/\/yoast.com\/product\/yoast-seo-wordpress\/ -->\n<title>Inicio - Est\u00e9tica Hodeiza<\/title>\n<meta name=\"robots\" content=\"index, follow, max-snippet:-1, max-image-preview:large, max-video-preview:-1\" \/>\n<link rel=\"canonical\" href=\"https:\/\/hodeizastz.com\/en\/\" \/>\n<meta property=\"og:locale\" content=\"en_GB\" \/>\n<meta property=\"og:type\" content=\"article\" \/>\n<meta property=\"og:title\" content=\"Inicio - Est\u00e9tica Hodeiza\" \/>\n<meta property=\"og:description\" content=\"Tu centro de est\u00e9tica y bienestar en Santurtzi Tratamientos faciales Depilaci\u00f3n con cera o l\u00e1ser Manicuras y pedicuras HODEIZA &#8211; Tu centro de est\u00e9tica en Santurtzi En Hodeiza, cuidamos de tu belleza con una amplia variedad de tratamientos dise\u00f1ados para realzar tu bienestar. Ofrecemos tratamientos faciales personalizados para iluminar y revitalizar tu piel, depilaci\u00f3n con [&hellip;]\" \/>\n<meta property=\"og:url\" content=\"https:\/\/hodeizastz.com\/en\/\" \/>\n<meta property=\"og:site_name\" content=\"Est\u00e9tica Hodeiza\" \/>\n<meta property=\"article:modified_time\" content=\"2025-02-05T16:25:21+00:00\" \/>\n<meta property=\"og:image\" content=\"https:\/\/hodeizastz.com\/wp-content\/uploads\/2025\/02\/2149171329.jpg\" \/>\n\t<meta property=\"og:image:width\" content=\"1500\" \/>\n\t<meta property=\"og:image:height\" content=\"915\" \/>\n\t<meta property=\"og:image:type\" content=\"image\/jpeg\" \/>\n<meta name=\"twitter:card\" content=\"summary_large_image\" \/>\n<meta name=\"twitter:label1\" content=\"Estimated reading time\" \/>\n\t<meta name=\"twitter:data1\" content=\"1 minute\" \/>\n<script type=\"application\/ld+json\" class=\"yoast-schema-graph\">{\"@context\":\"https:\\\/\\\/schema.org\",\"@graph\":[{\"@type\":\"WebPage\",\"@id\":\"https:\\\/\\\/hodeizastz.com\\\/\",\"url\":\"https:\\\/\\\/hodeizastz.com\\\/\",\"name\":\"Inicio - Est\u00e9tica Hodeiza\",\"isPartOf\":{\"@id\":\"https:\\\/\\\/hodeizastz.com\\\/#website\"},\"primaryImageOfPage\":{\"@id\":\"https:\\\/\\\/hodeizastz.com\\\/#primaryimage\"},\"image\":{\"@id\":\"https:\\\/\\\/hodeizastz.com\\\/#primaryimage\"},\"thumbnailUrl\":\"https:\\\/\\\/hodeizastz.com\\\/wp-content\\\/uploads\\\/2025\\\/02\\\/2149171329.jpg\",\"datePublished\":\"2024-09-23T16:02:06+00:00\",\"dateModified\":\"2025-02-05T16:25:21+00:00\",\"breadcrumb\":{\"@id\":\"https:\\\/\\\/hodeizastz.com\\\/#breadcrumb\"},\"inLanguage\":\"en-GB\",\"potentialAction\":[{\"@type\":\"ReadAction\",\"target\":[\"https:\\\/\\\/hodeizastz.com\\\/\"]}]},{\"@type\":\"ImageObject\",\"inLanguage\":\"en-GB\",\"@id\":\"https:\\\/\\\/hodeizastz.com\\\/#primaryimage\",\"url\":\"https:\\\/\\\/hodeizastz.com\\\/wp-content\\\/uploads\\\/2025\\\/02\\\/2149171329.jpg\",\"contentUrl\":\"https:\\\/\\\/hodeizastz.com\\\/wp-content\\\/uploads\\\/2025\\\/02\\\/2149171329.jpg\"},{\"@type\":\"BreadcrumbList\",\"@id\":\"https:\\\/\\\/hodeizastz.com\\\/#breadcrumb\",\"itemListElement\":[{\"@type\":\"ListItem\",\"position\":1,\"name\":\"Portada\",\"item\":\"https:\\\/\\\/hodeizastz.com\\\/\"},{\"@type\":\"ListItem\",\"position\":2,\"name\":\"Inicio\"}]},{\"@type\":\"WebSite\",\"@id\":\"https:\\\/\\\/hodeizastz.com\\\/#website\",\"url\":\"https:\\\/\\\/hodeizastz.com\\\/\",\"name\":\"Est\u00e9tica Hodeiza\",\"description\":\"Tratamientos faciales, depilaciones cera, depilaciones l\u00e1ser\",\"publisher\":{\"@id\":\"https:\\\/\\\/hodeizastz.com\\\/#organization\"},\"potentialAction\":[{\"@type\":\"SearchAction\",\"target\":{\"@type\":\"EntryPoint\",\"urlTemplate\":\"https:\\\/\\\/hodeizastz.com\\\/?s={search_term_string}\"},\"query-input\":{\"@type\":\"PropertyValueSpecification\",\"valueRequired\":true,\"valueName\":\"search_term_string\"}}],\"inLanguage\":\"en-GB\"},{\"@type\":\"Organization\",\"@id\":\"https:\\\/\\\/hodeizastz.com\\\/#organization\",\"name\":\"Est\u00e9tica Hodeiza\",\"url\":\"https:\\\/\\\/hodeizastz.com\\\/\",\"logo\":{\"@type\":\"ImageObject\",\"inLanguage\":\"en-GB\",\"@id\":\"https:\\\/\\\/hodeizastz.com\\\/#\\\/schema\\\/logo\\\/image\\\/\",\"url\":\"https:\\\/\\\/hodeizastz.com\\\/wp-content\\\/uploads\\\/2024\\\/09\\\/cropped-Logo-Hodeiza.png\",\"contentUrl\":\"https:\\\/\\\/hodeizastz.com\\\/wp-content\\\/uploads\\\/2024\\\/09\\\/cropped-Logo-Hodeiza.png\",\"width\":1697,\"height\":1080,\"caption\":\"Est\u00e9tica Hodeiza\"},\"image\":{\"@id\":\"https:\\\/\\\/hodeizastz.com\\\/#\\\/schema\\\/logo\\\/image\\\/\"}}]}<\/script>\n<!-- \/ Yoast SEO plugin. -->","yoast_head_json":{"title":"Inicio - Est\u00e9tica Hodeiza","robots":{"index":"index","follow":"follow","max-snippet":"max-snippet:-1","max-image-preview":"max-image-preview:large","max-video-preview":"max-video-preview:-1"},"canonical":"https:\/\/hodeizastz.com\/en\/","og_locale":"en_GB","og_type":"article","og_title":"Inicio - Est\u00e9tica Hodeiza","og_description":"Tu centro de est\u00e9tica y bienestar en Santurtzi Tratamientos faciales Depilaci\u00f3n con cera o l\u00e1ser Manicuras y pedicuras HODEIZA &#8211; Tu centro de est\u00e9tica en Santurtzi En Hodeiza, cuidamos de tu belleza con una amplia variedad de tratamientos dise\u00f1ados para realzar tu bienestar. Ofrecemos tratamientos faciales personalizados para iluminar y revitalizar tu piel, depilaci\u00f3n con [&hellip;]","og_url":"https:\/\/hodeizastz.com\/en\/","og_site_name":"Est\u00e9tica Hodeiza","article_modified_time":"2025-02-05T16:25:21+00:00","og_image":[{"width":1500,"height":915,"url":"https:\/\/hodeizastz.com\/wp-content\/uploads\/2025\/02\/2149171329.jpg","type":"image\/jpeg"}],"twitter_card":"summary_large_image","twitter_misc":{"Estimated reading time":"1 minute"},"schema":{"@context":"https:\/\/schema.org","@graph":[{"@type":"WebPage","@id":"https:\/\/hodeizastz.com\/","url":"https:\/\/hodeizastz.com\/","name":"Inicio - Est\u00e9tica Hodeiza","isPartOf":{"@id":"https:\/\/hodeizastz.com\/#website"},"primaryImageOfPage":{"@id":"https:\/\/hodeizastz.com\/#primaryimage"},"image":{"@id":"https:\/\/hodeizastz.com\/#primaryimage"},"thumbnailUrl":"https:\/\/hodeizastz.com\/wp-content\/uploads\/2025\/02\/2149171329.jpg","datePublished":"2024-09-23T16:02:06+00:00","dateModified":"2025-02-05T16:25:21+00:00","breadcrumb":{"@id":"https:\/\/hodeizastz.com\/#breadcrumb"},"inLanguage":"en-GB","potentialAction":[{"@type":"ReadAction","target":["https:\/\/hodeizastz.com\/"]}]},{"@type":"ImageObject","inLanguage":"en-GB","@id":"https:\/\/hodeizastz.com\/#primaryimage","url":"https:\/\/hodeizastz.com\/wp-content\/uploads\/2025\/02\/2149171329.jpg","contentUrl":"https:\/\/hodeizastz.com\/wp-content\/uploads\/2025\/02\/2149171329.jpg"},{"@type":"BreadcrumbList","@id":"https:\/\/hodeizastz.com\/#breadcrumb","itemListElement":[{"@type":"ListItem","position":1,"name":"Portada","item":"https:\/\/hodeizastz.com\/"},{"@type":"ListItem","position":2,"name":"Inicio"}]},{"@type":"WebSite","@id":"https:\/\/hodeizastz.com\/#website","url":"https:\/\/hodeizastz.com\/","name":"Est\u00e9tica Hodeiza","description":"Tratamientos faciales, depilaciones cera, depilaciones l\u00e1ser","publisher":{"@id":"https:\/\/hodeizastz.com\/#organization"},"potentialAction":[{"@type":"SearchAction","target":{"@type":"EntryPoint","urlTemplate":"https:\/\/hodeizastz.com\/?s={search_term_string}"},"query-input":{"@type":"PropertyValueSpecification","valueRequired":true,"valueName":"search_term_string"}}],"inLanguage":"en-GB"},{"@type":"Organization","@id":"https:\/\/hodeizastz.com\/#organization","name":"Est\u00e9tica Hodeiza","url":"https:\/\/hodeizastz.com\/","logo":{"@type":"ImageObject","inLanguage":"en-GB","@id":"https:\/\/hodeizastz.com\/#\/schema\/logo\/image\/","url":"https:\/\/hodeizastz.com\/wp-content\/uploads\/2024\/09\/cropped-Logo-Hodeiza.png","contentUrl":"https:\/\/hodeizastz.com\/wp-content\/uploads\/2024\/09\/cropped-Logo-Hodeiza.png","width":1697,"height":1080,"caption":"Est\u00e9tica Hodeiza"},"image":{"@id":"https:\/\/hodeizastz.com\/#\/schema\/logo\/image\/"}}]}},"_links":{"self":[{"href":"https:\/\/hodeizastz.com\/en\/wp-json\/wp\/v2\/pages\/2","targetHints":{"allow":["GET"]}}],"collection":[{"href":"https:\/\/hodeizastz.com\/en\/wp-json\/wp\/v2\/pages"}],"about":[{"href":"https:\/\/hodeizastz.com\/en\/wp-json\/wp\/v2\/types\/page"}],"author":[{"embeddable":true,"href":"https:\/\/hodeizastz.com\/en\/wp-json\/wp\/v2\/users\/4"}],"replies":[{"embeddable":true,"href":"https:\/\/hodeizastz.com\/en\/wp-json\/wp\/v2\/comments?post=2"}],"version-history":[{"count":376,"href":"https:\/\/hodeizastz.com\/en\/wp-json\/wp\/v2\/pages\/2\/revisions"}],"predecessor-version":[{"id":1303,"href":"https:\/\/hodeizastz.com\/en\/wp-json\/wp\/v2\/pages\/2\/revisions\/1303"}],"wp:attachment":[{"href":"https:\/\/hodeizastz.com\/en\/wp-json\/wp\/v2\/media?parent=2"}],"curies":[{"name":"wp","href":"https:\/\/api.w.org\/{rel}","templated":true}]}}